{"id":12,"date":"2020-06-15T11:59:16","date_gmt":"2020-06-15T11:59:16","guid":{"rendered":"http:\/\/localhost\/ubaldo\/?page_id=12"},"modified":"2026-04-17T13:07:09","modified_gmt":"2026-04-17T16:07:09","slug":"biografia","status":"publish","type":"page","link":"https:\/\/ubaldofernandes.com\/index.php\/biografia\/","title":{"rendered":"Biografia"},"content":{"rendered":"\n<p>Voc\u00ea sabe como surgiu o desejo de dedicar a vida a lutar pela coletividade?<\/p>\n\n\n\n<p>Ubaldo Fernandes da Silva nasceu em 16 de maio de 1967 na cidade de Tangar\u00e1, na regi\u00e3o do Trairi, no Rio Grande do Norte. Filho de Martins Avelino (in memoriam) e Terezinha Fernandes, numa fam\u00edlia de 11 irm\u00e3os, casou-se em 2007 com Ivanilda Rocha. Tem duas filhas: Maria Eloisa, que lhe deu o neto Vin\u00edcius, e a adolescente Isla Uliane, filha de Ivanilda.<\/p>\n\n\n\n<p>Ubaldo construiu sua trajet\u00f3ria p\u00fablica a partir do trabalho comunit\u00e1rio no bairro das Rocas, onde reside h\u00e1 d\u00e9cadas. L\u00edder social, religioso e comunit\u00e1rio, consolidou-se como voz ativa na defesa das fam\u00edlias potiguares. Foi presidente do Conselho Comunit\u00e1rio das Rocas por tr\u00eas vezes, subprefeito da Regi\u00e3o Leste, secret\u00e1rio em exerc\u00edcio da Secretaria Municipal de Desenvolvimento Comunit\u00e1rio, assessor especial da Secretaria de Governan\u00e7a Solid\u00e1ria e diretor da Companhia de Servi\u00e7os Urbanos (Urbana). Tamb\u00e9m integrou o Conselho Municipal de Sa\u00fade e o Conselho dos Direitos da Crian\u00e7a e do Adolescente (Condica).<\/p>\n\n\n\n<p>Sua vida p\u00fablica iniciou pela C\u00e2mara Municipal de Natal. Ele exerceu dois mandatos como vereador (2013\u20132016 e 2017\u20132020), onde fortaleceu sua atua\u00e7\u00e3o nas \u00e1reas social, de cidadania e sa\u00fade p\u00fablica. Em 2018, foi eleito deputado estadual, com 20.148 votos e foi reeleito em 2022 com 70% de aumento de votos, recebendo obteve 34.265 sufr\u00e1gios.<\/p>\n\n\n\n<p>Hoje, \u00e9 reconhecido como um dos parlamentares mais produtivos do Rio Grande do Norte, tendo sido eleito Parlamentar do Ano em 2025, acumulando 185 leis estaduais sancionadas, muitas delas de grande impacto. Entre as principais, destacam-se a Pol\u00edtica Estadual de Seguran\u00e7a de Barragens; a lei das promo\u00e7\u00f5es obrigat\u00f3rias para clientes antigos; e a lei que estabelece san\u00e7\u00f5es para quem comercializa combust\u00edvel adulterado.<\/p>\n\n\n\n<p>Com forte atua\u00e7\u00e3o municipalista, Ubaldo j\u00e1 destinou mais de R$ 17,4 milh\u00f5es em emendas, beneficiando mais de 55 cidades com a\u00e7\u00f5es nas \u00e1reas de sa\u00fade, infraestrutura h\u00eddrica, cultura, educa\u00e7\u00e3o, esporte, pavimenta\u00e7\u00e3o e prote\u00e7\u00e3o social. Promove audi\u00eancias p\u00fablicas, campanhas educativas e milhares de atendimentos sociais, consolidando-se como um representante de origem popular, profundamente conectado \u00e0s comunidades e comprometido com o desenvolvimento humano e regional do RN.<\/p>\n\n\n\n<p>A VOC\u00ca, OBRIGADO! Sua confian\u00e7a e incentivo t\u00eam sido fundamentais. Vamos continuar juntos na honrosa miss\u00e3o de fazer o RN melhor!<\/p>\n\n\n\n<p><strong>Ubaldo Fernandes &#8211; Deputado Estadual RN<\/strong><\/p>\n\n\n\n<div class=\"wp-block-columns is-layout-flex wp-container-core-columns-is-layout-1 wp-block-columns-is-layout-flex\">\n<div class=\"wp-block-column is-layout-flow wp-block-column-is-layout-flow\">\n<h4 class=\"wp-block-heading has-text-align-center\"><strong>A hist\u00f3ria de Ubaldo Fernandes<\/strong><br>Clique no v\u00eddeo e assista!<\/h4>\n\n\n\n<figure><iframe loading=\"lazy\" src=\"https:\/\/www.facebook.com\/plugins\/video.php?href=https%3A%2F%2Fwww.facebook.com%2Fubaldo.fernandesI%2Fvideos%2F389758004892307%2F&amp;show_text=0&amp;width=560\" allowfullscreen=\"true\" width=\"560\" height=\"315\"><\/iframe><\/figure>\n<\/div>\n\n\n\n<div class=\"wp-block-column is-layout-flow wp-block-column-is-layout-flow\">\n<h4 class=\"wp-block-heading has-text-align-center\"><strong>Perfil Parlamentar<\/strong><br>Clique no v\u00eddeo e assista!<\/h4>\n\n\n\n<figure><iframe loading=\"lazy\" width=\"560\" height=\"315\" src=\"https:\/\/www.youtube.com\/embed\/I7YHtAenOzQ?si=0uQDtz_XFuFDij3K\" title=\"YouTube video player\" frameborder=\"0\" allow=\"accelerometer; autoplay; clipboard-write; encrypted-media; gyroscope; picture-in-picture; web-share\" referrerpolicy=\"strict-origin-when-cross-origin\" allowfullscreen><\/iframe><\/figure>\n<\/div>\n<\/div>\n\n\n\n<p><\/p>\n","protected":false},"excerpt":{"rendered":"<p>Voc\u00ea sabe como surgiu o desejo de dedicar a vida a lutar pela coletividade? Ubaldo Fernandes da Silva nasceu em 16 de maio de 1967 na cidade de Tangar\u00e1, na regi\u00e3o do Trairi, no Rio Grande do Norte. Filho de Martins Avelino (in memoriam) e Terezinha Fernandes, numa fam\u00edlia de 11 irm\u00e3os, casou-se em 2007 [&hellip;]<\/p>\n","protected":false},"author":1,"featured_media":8126,"parent":0,"menu_order":0,"comment_status":"closed","ping_status":"closed","template":"","meta":{"_acf_changed":false,"footnotes":""},"class_list":["post-12","page","type-page","status-publish","has-post-thumbnail","hentry"],"acf":[],"yoast_head":"<!-- This site is optimized with the Yoast SEO plugin v24.6 - https:\/\/yoast.com\/wordpress\/plugins\/seo\/ -->\n<title>Biografia - Ubaldo Fernandes<\/title>\n<meta name=\"description\" content=\"Com forte atua\u00e7\u00e3o no segmento popular da regi\u00e3o Leste de Natal, capital potiguar, Ubaldo Fernandes resolveu entrar para a pol\u00edtica nos Anos 2000, disputando uma das vagas para a C\u00e2mara Municipal de Natal. Em 2012, conquistou sua primeira vit\u00f3ria com 6.803 votos, sendo o 6\u00ba vereador mais votado de Natal e tendo como principal bandeira a luta em defesa das causas comunit\u00e1rias e sociais em prol dos menos favorecidos. Em 2016, foi reeleito com 7.574 votos, o terceiro mais votado. Em 2018, sentiu a necessidade de ampliar sua atua\u00e7\u00e3o em benef\u00edcio dos demais munic\u00edpios do RN e participou da sua primeira disputa para o cargo de deputado estadual pelo PTC, conquistando sua 3\u00aa vit\u00f3ria na carreira pol\u00edtica e 1\u00aa vit\u00f3ria para a Assembleia Legislativa do Estado, na 62\u00aa legislatura, com 20.148 votos.\" \/>\n<meta name=\"robots\" content=\"index, follow, max-snippet:-1, max-image-preview:large, max-video-preview:-1\" \/>\n<link rel=\"canonical\" href=\"https:\/\/ubaldofernandes.com\/index.php\/biografia\/\" \/>\n<meta property=\"og:locale\" content=\"pt_BR\" \/>\n<meta property=\"og:type\" content=\"article\" \/>\n<meta property=\"og:title\" content=\"Biografia - Ubaldo Fernandes\" \/>\n<meta property=\"og:description\" content=\"Com forte atua\u00e7\u00e3o no segmento popular da regi\u00e3o Leste de Natal, capital potiguar, Ubaldo Fernandes resolveu entrar para a pol\u00edtica nos Anos 2000, disputando uma das vagas para a C\u00e2mara Municipal de Natal. Em 2012, conquistou sua primeira vit\u00f3ria com 6.803 votos, sendo o 6\u00ba vereador mais votado de Natal e tendo como principal bandeira a luta em defesa das causas comunit\u00e1rias e sociais em prol dos menos favorecidos. Em 2016, foi reeleito com 7.574 votos, o terceiro mais votado. Em 2018, sentiu a necessidade de ampliar sua atua\u00e7\u00e3o em benef\u00edcio dos demais munic\u00edpios do RN e participou da sua primeira disputa para o cargo de deputado estadual pelo PTC, conquistando sua 3\u00aa vit\u00f3ria na carreira pol\u00edtica e 1\u00aa vit\u00f3ria para a Assembleia Legislativa do Estado, na 62\u00aa legislatura, com 20.148 votos.\" \/>\n<meta property=\"og:url\" content=\"https:\/\/ubaldofernandes.com\/index.php\/biografia\/\" \/>\n<meta property=\"og:site_name\" content=\"Ubaldo Fernandes\" \/>\n<meta property=\"article:modified_time\" content=\"2026-04-17T16:07:09+00:00\" \/>\n<meta property=\"og:image\" content=\"https:\/\/ubaldofernandes.com\/wp-content\/uploads\/2026\/02\/WhatsApp-Image-2026-02-20-at-15.46.54.jpeg\" \/>\n\t<meta property=\"og:image:width\" content=\"1274\" \/>\n\t<meta property=\"og:image:height\" content=\"1357\" \/>\n\t<meta property=\"og:image:type\" content=\"image\/jpeg\" \/>\n<meta name=\"twitter:card\" content=\"summary_large_image\" \/>\n<meta name=\"twitter:label1\" content=\"Est. tempo de leitura\" \/>\n\t<meta name=\"twitter:data1\" content=\"3 minutos\" \/>\n<script type=\"application\/ld+json\" class=\"yoast-schema-graph\">{\"@context\":\"https:\/\/schema.org\",\"@graph\":[{\"@type\":\"WebPage\",\"@id\":\"https:\/\/ubaldofernandes.com\/index.php\/biografia\/\",\"url\":\"https:\/\/ubaldofernandes.com\/index.php\/biografia\/\",\"name\":\"Biografia - Ubaldo Fernandes\",\"isPartOf\":{\"@id\":\"https:\/\/ubaldofernandes.com\/#website\"},\"primaryImageOfPage\":{\"@id\":\"https:\/\/ubaldofernandes.com\/index.php\/biografia\/#primaryimage\"},\"image\":{\"@id\":\"https:\/\/ubaldofernandes.com\/index.php\/biografia\/#primaryimage\"},\"thumbnailUrl\":\"https:\/\/ubaldofernandes.com\/wp-content\/uploads\/2026\/02\/WhatsApp-Image-2026-02-20-at-15.46.54.jpeg\",\"datePublished\":\"2020-06-15T11:59:16+00:00\",\"dateModified\":\"2026-04-17T16:07:09+00:00\",\"description\":\"Com forte atua\u00e7\u00e3o no segmento popular da regi\u00e3o Leste de Natal, capital potiguar, Ubaldo Fernandes resolveu entrar para a pol\u00edtica nos Anos 2000, disputando uma das vagas para a C\u00e2mara Municipal de Natal. Em 2012, conquistou sua primeira vit\u00f3ria com 6.803 votos, sendo o 6\u00ba vereador mais votado de Natal e tendo como principal bandeira a luta em defesa das causas comunit\u00e1rias e sociais em prol dos menos favorecidos. Em 2016, foi reeleito com 7.574 votos, o terceiro mais votado. Em 2018, sentiu a necessidade de ampliar sua atua\u00e7\u00e3o em benef\u00edcio dos demais munic\u00edpios do RN e participou da sua primeira disputa para o cargo de deputado estadual pelo PTC, conquistando sua 3\u00aa vit\u00f3ria na carreira pol\u00edtica e 1\u00aa vit\u00f3ria para a Assembleia Legislativa do Estado, na 62\u00aa legislatura, com 20.148 votos.\",\"breadcrumb\":{\"@id\":\"https:\/\/ubaldofernandes.com\/index.php\/biografia\/#breadcrumb\"},\"inLanguage\":\"pt-BR\",\"potentialAction\":[{\"@type\":\"ReadAction\",\"target\":[\"https:\/\/ubaldofernandes.com\/index.php\/biografia\/\"]}]},{\"@type\":\"ImageObject\",\"inLanguage\":\"pt-BR\",\"@id\":\"https:\/\/ubaldofernandes.com\/index.php\/biografia\/#primaryimage\",\"url\":\"https:\/\/ubaldofernandes.com\/wp-content\/uploads\/2026\/02\/WhatsApp-Image-2026-02-20-at-15.46.54.jpeg\",\"contentUrl\":\"https:\/\/ubaldofernandes.com\/wp-content\/uploads\/2026\/02\/WhatsApp-Image-2026-02-20-at-15.46.54.jpeg\",\"width\":1274,\"height\":1357},{\"@type\":\"BreadcrumbList\",\"@id\":\"https:\/\/ubaldofernandes.com\/index.php\/biografia\/#breadcrumb\",\"itemListElement\":[{\"@type\":\"ListItem\",\"position\":1,\"name\":\"In\u00edcio\",\"item\":\"https:\/\/ubaldofernandes.com\/\"},{\"@type\":\"ListItem\",\"position\":2,\"name\":\"Biografia\"}]},{\"@type\":\"WebSite\",\"@id\":\"https:\/\/ubaldofernandes.com\/#website\",\"url\":\"https:\/\/ubaldofernandes.com\/\",\"name\":\"Ubaldo Fernandes\",\"description\":\"Deputado Estadual\",\"potentialAction\":[{\"@type\":\"SearchAction\",\"target\":{\"@type\":\"EntryPoint\",\"urlTemplate\":\"https:\/\/ubaldofernandes.com\/?s={search_term_string}\"},\"query-input\":{\"@type\":\"PropertyValueSpecification\",\"valueRequired\":true,\"valueName\":\"search_term_string\"}}],\"inLanguage\":\"pt-BR\"}]}<\/script>\n<!-- \/ Yoast SEO plugin. -->","yoast_head_json":{"title":"Biografia - Ubaldo Fernandes","description":"Com forte atua\u00e7\u00e3o no segmento popular da regi\u00e3o Leste de Natal, capital potiguar, Ubaldo Fernandes resolveu entrar para a pol\u00edtica nos Anos 2000, disputando uma das vagas para a C\u00e2mara Municipal de Natal. Em 2012, conquistou sua primeira vit\u00f3ria com 6.803 votos, sendo o 6\u00ba vereador mais votado de Natal e tendo como principal bandeira a luta em defesa das causas comunit\u00e1rias e sociais em prol dos menos favorecidos. Em 2016, foi reeleito com 7.574 votos, o terceiro mais votado. Em 2018, sentiu a necessidade de ampliar sua atua\u00e7\u00e3o em benef\u00edcio dos demais munic\u00edpios do RN e participou da sua primeira disputa para o cargo de deputado estadual pelo PTC, conquistando sua 3\u00aa vit\u00f3ria na carreira pol\u00edtica e 1\u00aa vit\u00f3ria para a Assembleia Legislativa do Estado, na 62\u00aa legislatura, com 20.148 votos.","robots":{"index":"index","follow":"follow","max-snippet":"max-snippet:-1","max-image-preview":"max-image-preview:large","max-video-preview":"max-video-preview:-1"},"canonical":"https:\/\/ubaldofernandes.com\/index.php\/biografia\/","og_locale":"pt_BR","og_type":"article","og_title":"Biografia - Ubaldo Fernandes","og_description":"Com forte atua\u00e7\u00e3o no segmento popular da regi\u00e3o Leste de Natal, capital potiguar, Ubaldo Fernandes resolveu entrar para a pol\u00edtica nos Anos 2000, disputando uma das vagas para a C\u00e2mara Municipal de Natal. Em 2012, conquistou sua primeira vit\u00f3ria com 6.803 votos, sendo o 6\u00ba vereador mais votado de Natal e tendo como principal bandeira a luta em defesa das causas comunit\u00e1rias e sociais em prol dos menos favorecidos. Em 2016, foi reeleito com 7.574 votos, o terceiro mais votado. Em 2018, sentiu a necessidade de ampliar sua atua\u00e7\u00e3o em benef\u00edcio dos demais munic\u00edpios do RN e participou da sua primeira disputa para o cargo de deputado estadual pelo PTC, conquistando sua 3\u00aa vit\u00f3ria na carreira pol\u00edtica e 1\u00aa vit\u00f3ria para a Assembleia Legislativa do Estado, na 62\u00aa legislatura, com 20.148 votos.","og_url":"https:\/\/ubaldofernandes.com\/index.php\/biografia\/","og_site_name":"Ubaldo Fernandes","article_modified_time":"2026-04-17T16:07:09+00:00","og_image":[{"width":1274,"height":1357,"url":"https:\/\/ubaldofernandes.com\/wp-content\/uploads\/2026\/02\/WhatsApp-Image-2026-02-20-at-15.46.54.jpeg","type":"image\/jpeg"}],"twitter_card":"summary_large_image","twitter_misc":{"Est. tempo de leitura":"3 minutos"},"schema":{"@context":"https:\/\/schema.org","@graph":[{"@type":"WebPage","@id":"https:\/\/ubaldofernandes.com\/index.php\/biografia\/","url":"https:\/\/ubaldofernandes.com\/index.php\/biografia\/","name":"Biografia - Ubaldo Fernandes","isPartOf":{"@id":"https:\/\/ubaldofernandes.com\/#website"},"primaryImageOfPage":{"@id":"https:\/\/ubaldofernandes.com\/index.php\/biografia\/#primaryimage"},"image":{"@id":"https:\/\/ubaldofernandes.com\/index.php\/biografia\/#primaryimage"},"thumbnailUrl":"https:\/\/ubaldofernandes.com\/wp-content\/uploads\/2026\/02\/WhatsApp-Image-2026-02-20-at-15.46.54.jpeg","datePublished":"2020-06-15T11:59:16+00:00","dateModified":"2026-04-17T16:07:09+00:00","description":"Com forte atua\u00e7\u00e3o no segmento popular da regi\u00e3o Leste de Natal, capital potiguar, Ubaldo Fernandes resolveu entrar para a pol\u00edtica nos Anos 2000, disputando uma das vagas para a C\u00e2mara Municipal de Natal. Em 2012, conquistou sua primeira vit\u00f3ria com 6.803 votos, sendo o 6\u00ba vereador mais votado de Natal e tendo como principal bandeira a luta em defesa das causas comunit\u00e1rias e sociais em prol dos menos favorecidos. Em 2016, foi reeleito com 7.574 votos, o terceiro mais votado. Em 2018, sentiu a necessidade de ampliar sua atua\u00e7\u00e3o em benef\u00edcio dos demais munic\u00edpios do RN e participou da sua primeira disputa para o cargo de deputado estadual pelo PTC, conquistando sua 3\u00aa vit\u00f3ria na carreira pol\u00edtica e 1\u00aa vit\u00f3ria para a Assembleia Legislativa do Estado, na 62\u00aa legislatura, com 20.148 votos.","breadcrumb":{"@id":"https:\/\/ubaldofernandes.com\/index.php\/biografia\/#breadcrumb"},"inLanguage":"pt-BR","potentialAction":[{"@type":"ReadAction","target":["https:\/\/ubaldofernandes.com\/index.php\/biografia\/"]}]},{"@type":"ImageObject","inLanguage":"pt-BR","@id":"https:\/\/ubaldofernandes.com\/index.php\/biografia\/#primaryimage","url":"https:\/\/ubaldofernandes.com\/wp-content\/uploads\/2026\/02\/WhatsApp-Image-2026-02-20-at-15.46.54.jpeg","contentUrl":"https:\/\/ubaldofernandes.com\/wp-content\/uploads\/2026\/02\/WhatsApp-Image-2026-02-20-at-15.46.54.jpeg","width":1274,"height":1357},{"@type":"BreadcrumbList","@id":"https:\/\/ubaldofernandes.com\/index.php\/biografia\/#breadcrumb","itemListElement":[{"@type":"ListItem","position":1,"name":"In\u00edcio","item":"https:\/\/ubaldofernandes.com\/"},{"@type":"ListItem","position":2,"name":"Biografia"}]},{"@type":"WebSite","@id":"https:\/\/ubaldofernandes.com\/#website","url":"https:\/\/ubaldofernandes.com\/","name":"Ubaldo Fernandes","description":"Deputado Estadual","potentialAction":[{"@type":"SearchAction","target":{"@type":"EntryPoint","urlTemplate":"https:\/\/ubaldofernandes.com\/?s={search_term_string}"},"query-input":{"@type":"PropertyValueSpecification","valueRequired":true,"valueName":"search_term_string"}}],"inLanguage":"pt-BR"}]}},"_links":{"self":[{"href":"https:\/\/ubaldofernandes.com\/index.php\/wp-json\/wp\/v2\/pages\/12","targetHints":{"allow":["GET"]}}],"collection":[{"href":"https:\/\/ubaldofernandes.com\/index.php\/wp-json\/wp\/v2\/pages"}],"about":[{"href":"https:\/\/ubaldofernandes.com\/index.php\/wp-json\/wp\/v2\/types\/page"}],"author":[{"embeddable":true,"href":"https:\/\/ubaldofernandes.com\/index.php\/wp-json\/wp\/v2\/users\/1"}],"replies":[{"embeddable":true,"href":"https:\/\/ubaldofernandes.com\/index.php\/wp-json\/wp\/v2\/comments?post=12"}],"version-history":[{"count":84,"href":"https:\/\/ubaldofernandes.com\/index.php\/wp-json\/wp\/v2\/pages\/12\/revisions"}],"predecessor-version":[{"id":8194,"href":"https:\/\/ubaldofernandes.com\/index.php\/wp-json\/wp\/v2\/pages\/12\/revisions\/8194"}],"wp:featuredmedia":[{"embeddable":true,"href":"https:\/\/ubaldofernandes.com\/index.php\/wp-json\/wp\/v2\/media\/8126"}],"wp:attachment":[{"href":"https:\/\/ubaldofernandes.com\/index.php\/wp-json\/wp\/v2\/media?parent=12"}],"curies":[{"name":"wp","href":"https:\/\/api.w.org\/{rel}","templated":true}]}}